{"id":138,"date":"2023-07-18T15:01:58","date_gmt":"2023-07-18T15:01:58","guid":{"rendered":"https:\/\/www.simonewuest.de\/?page_id=138"},"modified":"2023-07-18T15:13:02","modified_gmt":"2023-07-18T15:13:02","slug":"impressum","status":"publish","type":"page","link":"https:\/\/www.simonewuest.de\/index.php\/impressum\/","title":{"rendered":"Impressum"},"content":{"rendered":"<p>[et_pb_section fb_built=&#8220;1&#8243; theme_builder_area=&#8220;post_content&#8220; _builder_version=&#8220;4.20.2&#8243; _module_preset=&#8220;default&#8220; hover_enabled=&#8220;0&#8243; sticky_enabled=&#8220;0&#8243;][et_pb_row _builder_version=&#8220;4.20.2&#8243; _module_preset=&#8220;default&#8220; theme_builder_area=&#8220;post_content&#8220;][et_pb_column _builder_version=&#8220;4.20.2&#8243; _module_preset=&#8220;default&#8220; type=&#8220;4_4&#8243; theme_builder_area=&#8220;post_content&#8220;][et_pb_text _builder_version=&#8220;4.20.2&#8243; _module_preset=&#8220;default&#8220; theme_builder_area=&#8220;post_content&#8220;]<\/p>\n<h1>Impressum<\/h1>\n<p>&nbsp;<\/p>\n<h2><\/h2>\n<h2>Angaben gem\u00e4\u00df \u00a7 5 TMG<\/h2>\n<p>Simone W\u00fcst<br \/>La-Ferte-Bernard-Str. 34<br \/>74348 Lauffen am Neckar<\/p>\n<h2><\/h2>\n<h2>Kontakt<\/h2>\n<p>Telefon: +49 176 56645179<br \/>E-Mail: hallo@simonewuest.de<\/p>\n<h2><\/h2>\n<h2>Verbraucher\u00adstreit\u00adbeilegung\/Universal\u00adschlichtungs\u00adstelle<\/h2>\n<p>Wir sind nicht bereit oder verpflichtet, an Streitbeilegungsverfahren vor einer Verbraucherschlichtungsstelle teilzunehmen.<\/p>\n<p>[\/et_pb_text][\/et_pb_column][\/et_pb_row][\/et_pb_section]<\/p>\n","protected":false},"excerpt":{"rendered":"<p>Impressum &nbsp; Angaben gem\u00e4\u00df \u00a7 5 TMG Simone W\u00fcstLa-Ferte-Bernard-Str. 3474348 Lauffen am Neckar Kontakt Telefon: +49 176 56645179E-Mail: hallo@simonewuest.de Verbraucher\u00adstreit\u00adbeilegung\/Universal\u00adschlichtungs\u00adstelle Wir sind nicht bereit oder verpflichtet, an Streitbeilegungsverfahren vor einer Verbraucherschlichtungsstelle teilzunehmen.<\/p>\n","protected":false},"author":3,"featured_media":0,"parent":0,"menu_order":0,"comment_status":"closed","ping_status":"closed","template":"","meta":{"_et_pb_use_builder":"on","_et_pb_old_content":"","_et_gb_content_width":"","footnotes":""},"class_list":["post-138","page","type-page","status-publish","hentry"],"yoast_head":"<!-- This site is optimized with the Yoast SEO plugin v20.12 - https:\/\/yoast.com\/wordpress\/plugins\/seo\/ -->\n<title>Impressum - Simone W\u00fcst - Gib deiner Gesundheit wieder eine Chance<\/title>\n<meta name=\"robots\" content=\"noindex, follow, max-snippet:-1, max-image-preview:large, max-video-preview:-1\" \/>\n<meta property=\"og:locale\" content=\"de_DE\" \/>\n<meta property=\"og:type\" content=\"article\" \/>\n<meta property=\"og:title\" content=\"Impressum - Simone W\u00fcst - Gib deiner Gesundheit wieder eine Chance\" \/>\n<meta property=\"og:description\" content=\"Impressum &nbsp; Angaben gem\u00e4\u00df \u00a7 5 TMG Simone W\u00fcstLa-Ferte-Bernard-Str. 3474348 Lauffen am Neckar Kontakt Telefon: +49 176 56645179E-Mail: hallo@simonewuest.de Verbraucher\u00adstreit\u00adbeilegung\/Universal\u00adschlichtungs\u00adstelle Wir sind nicht bereit oder verpflichtet, an Streitbeilegungsverfahren vor einer Verbraucherschlichtungsstelle teilzunehmen.\" \/>\n<meta property=\"og:url\" content=\"https:\/\/www.simonewuest.de\/index.php\/impressum\/\" \/>\n<meta property=\"og:site_name\" content=\"Simone W\u00fcst - Gib deiner Gesundheit wieder eine Chance\" \/>\n<meta property=\"article:modified_time\" content=\"2023-07-18T15:13:02+00:00\" \/>\n<meta name=\"twitter:card\" content=\"summary_large_image\" \/>\n<meta name=\"twitter:label1\" content=\"Gesch\u00e4tzte Lesezeit\" \/>\n\t<meta name=\"twitter:data1\" content=\"1\u00a0Minute\" \/>\n<script type=\"application\/ld+json\" class=\"yoast-schema-graph\">{\"@context\":\"https:\/\/schema.org\",\"@graph\":[{\"@type\":\"WebPage\",\"@id\":\"https:\/\/www.simonewuest.de\/index.php\/impressum\/\",\"url\":\"https:\/\/www.simonewuest.de\/index.php\/impressum\/\",\"name\":\"Impressum - Simone W\u00fcst - Gib deiner Gesundheit wieder eine Chance\",\"isPartOf\":{\"@id\":\"https:\/\/www.simonewuest.de\/#website\"},\"datePublished\":\"2023-07-18T15:01:58+00:00\",\"dateModified\":\"2023-07-18T15:13:02+00:00\",\"breadcrumb\":{\"@id\":\"https:\/\/www.simonewuest.de\/index.php\/impressum\/#breadcrumb\"},\"inLanguage\":\"de\",\"potentialAction\":[{\"@type\":\"ReadAction\",\"target\":[\"https:\/\/www.simonewuest.de\/index.php\/impressum\/\"]}]},{\"@type\":\"BreadcrumbList\",\"@id\":\"https:\/\/www.simonewuest.de\/index.php\/impressum\/#breadcrumb\",\"itemListElement\":[{\"@type\":\"ListItem\",\"position\":1,\"name\":\"Startseite\",\"item\":\"https:\/\/www.simonewuest.de\/\"},{\"@type\":\"ListItem\",\"position\":2,\"name\":\"Impressum\"}]},{\"@type\":\"WebSite\",\"@id\":\"https:\/\/www.simonewuest.de\/#website\",\"url\":\"https:\/\/www.simonewuest.de\/\",\"name\":\"Simone W\u00fcst - Gib deiner Gesundheit wieder eine Chance\",\"description\":\"\",\"potentialAction\":[{\"@type\":\"SearchAction\",\"target\":{\"@type\":\"EntryPoint\",\"urlTemplate\":\"https:\/\/www.simonewuest.de\/?s={search_term_string}\"},\"query-input\":\"required name=search_term_string\"}],\"inLanguage\":\"de\"}]}<\/script>\n<!-- \/ Yoast SEO plugin. -->","yoast_head_json":{"title":"Impressum - Simone W\u00fcst - Gib deiner Gesundheit wieder eine Chance","robots":{"index":"noindex","follow":"follow","max-snippet":"max-snippet:-1","max-image-preview":"max-image-preview:large","max-video-preview":"max-video-preview:-1"},"og_locale":"de_DE","og_type":"article","og_title":"Impressum - Simone W\u00fcst - Gib deiner Gesundheit wieder eine Chance","og_description":"Impressum &nbsp; Angaben gem\u00e4\u00df \u00a7 5 TMG Simone W\u00fcstLa-Ferte-Bernard-Str. 3474348 Lauffen am Neckar Kontakt Telefon: +49 176 56645179E-Mail: hallo@simonewuest.de Verbraucher\u00adstreit\u00adbeilegung\/Universal\u00adschlichtungs\u00adstelle Wir sind nicht bereit oder verpflichtet, an Streitbeilegungsverfahren vor einer Verbraucherschlichtungsstelle teilzunehmen.","og_url":"https:\/\/www.simonewuest.de\/index.php\/impressum\/","og_site_name":"Simone W\u00fcst - Gib deiner Gesundheit wieder eine Chance","article_modified_time":"2023-07-18T15:13:02+00:00","twitter_card":"summary_large_image","twitter_misc":{"Gesch\u00e4tzte Lesezeit":"1\u00a0Minute"},"schema":{"@context":"https:\/\/schema.org","@graph":[{"@type":"WebPage","@id":"https:\/\/www.simonewuest.de\/index.php\/impressum\/","url":"https:\/\/www.simonewuest.de\/index.php\/impressum\/","name":"Impressum - Simone W\u00fcst - Gib deiner Gesundheit wieder eine Chance","isPartOf":{"@id":"https:\/\/www.simonewuest.de\/#website"},"datePublished":"2023-07-18T15:01:58+00:00","dateModified":"2023-07-18T15:13:02+00:00","breadcrumb":{"@id":"https:\/\/www.simonewuest.de\/index.php\/impressum\/#breadcrumb"},"inLanguage":"de","potentialAction":[{"@type":"ReadAction","target":["https:\/\/www.simonewuest.de\/index.php\/impressum\/"]}]},{"@type":"BreadcrumbList","@id":"https:\/\/www.simonewuest.de\/index.php\/impressum\/#breadcrumb","itemListElement":[{"@type":"ListItem","position":1,"name":"Startseite","item":"https:\/\/www.simonewuest.de\/"},{"@type":"ListItem","position":2,"name":"Impressum"}]},{"@type":"WebSite","@id":"https:\/\/www.simonewuest.de\/#website","url":"https:\/\/www.simonewuest.de\/","name":"Simone W\u00fcst - Gib deiner Gesundheit wieder eine Chance","description":"","potentialAction":[{"@type":"SearchAction","target":{"@type":"EntryPoint","urlTemplate":"https:\/\/www.simonewuest.de\/?s={search_term_string}"},"query-input":"required name=search_term_string"}],"inLanguage":"de"}]}},"_links":{"self":[{"href":"https:\/\/www.simonewuest.de\/index.php\/wp-json\/wp\/v2\/pages\/138","targetHints":{"allow":["GET"]}}],"collection":[{"href":"https:\/\/www.simonewuest.de\/index.php\/wp-json\/wp\/v2\/pages"}],"about":[{"href":"https:\/\/www.simonewuest.de\/index.php\/wp-json\/wp\/v2\/types\/page"}],"author":[{"embeddable":true,"href":"https:\/\/www.simonewuest.de\/index.php\/wp-json\/wp\/v2\/users\/3"}],"replies":[{"embeddable":true,"href":"https:\/\/www.simonewuest.de\/index.php\/wp-json\/wp\/v2\/comments?post=138"}],"version-history":[{"count":3,"href":"https:\/\/www.simonewuest.de\/index.php\/wp-json\/wp\/v2\/pages\/138\/revisions"}],"predecessor-version":[{"id":141,"href":"https:\/\/www.simonewuest.de\/index.php\/wp-json\/wp\/v2\/pages\/138\/revisions\/141"}],"wp:attachment":[{"href":"https:\/\/www.simonewuest.de\/index.php\/wp-json\/wp\/v2\/media?parent=138"}],"curies":[{"name":"wp","href":"https:\/\/api.w.org\/{rel}","templated":true}]}}